{"id":147,"date":"2022-12-05T10:33:54","date_gmt":"2022-12-05T10:33:54","guid":{"rendered":"https:\/\/wordpress.frejen.pt\/?post_type=product&#038;p=147"},"modified":"2022-12-05T10:33:54","modified_gmt":"2022-12-05T10:33:54","slug":"carrinho-de-bebe-stillo-dinossauros-0-a-15kg","status":"publish","type":"product","link":"https:\/\/wordpress.frejen.pt\/?product=carrinho-de-bebe-stillo-dinossauros-0-a-15kg","title":{"rendered":"Carrinho de Beb\u00ea Stillo Dinossauros &#8211; 0 a 15kg"},"content":{"rendered":"<p>Quer levar seu beb\u00ea pra passear com<br \/>\nseguran\u00e7a e muito conforto? Ent\u00e3o voc\u00ea<br \/>\ntem que conhecer o carrinho de beb\u00ea<br \/>\nDinossauros da Stillo. Ele conta com 04<br \/>\nrodas, sendo todas duplas, isso facilita na<br \/>\nhora de passear com seu filho. Al\u00e9m disso,<br \/>\nesse modelo \u00e9 certificado pelo INMETRO.<br \/>\nO carrinho de passeio consegue<br \/>\nacompanhar o seu filho por bastante tempo<br \/>\nj\u00e1 que ele \u00e9 ideal para crian\u00e7as a partir de<br \/>\n06 meses at\u00e9 15 kg. Vem tamb\u00e9m com<br \/>\ncinto de seguran\u00e7a de 05 pontos, capota<br \/>\nretr\u00e1til que permite visualizar com mais<br \/>\nfacilidade a crian\u00e7a. Fabricado com<br \/>\nmateriais de alta qualidade, ele tem 02<br \/>\nposi\u00e7\u00f5es para seu filho ficar confort\u00e1vel.<br \/>\nPossui tamb\u00e9m fechamento guarda-chuva e uma bonita estampa, que d\u00e1 charme ao<br \/>\nproduto.<\/p>\n","protected":false},"excerpt":{"rendered":"<p>Quer levar seu beb\u00ea pra passear com seguran\u00e7a e muito conforto? Ent\u00e3o voc\u00ea tem que conhecer o carrinho de beb\u00ea Dinossauros da Stillo. Ele conta com 04 rodas, sendo todas duplas, isso facilita na hora de passear com seu filho. Al\u00e9m disso, esse modelo \u00e9 certificado pelo INMETRO. O carrinho de passeio consegue acompanhar o [&hellip;]<\/p>\n","protected":false},"featured_media":134,"comment_status":"open","ping_status":"closed","template":"","meta":[],"product_cat":[26],"product_tag":[],"class_list":{"0":"post-147","1":"product","2":"type-product","3":"status-publish","4":"has-post-thumbnail","6":"product_cat-baby","8":"entry","9":"has-media","11":"first","12":"instock","13":"shipping-taxable","14":"purchasable","15":"product-type-simple","16":"has-product-nav","17":"col","18":"span_1_of_3","19":"owp-content-center","20":"owp-thumbs-layout-horizontal","21":"owp-btn-normal","22":"owp-tabs-layout-horizontal"},"yoast_head":"<!-- This site is optimized with the Yoast SEO plugin v19.11 - https:\/\/yoast.com\/wordpress\/plugins\/seo\/ -->\n<title>Carrinho de Beb\u00ea Stillo Dinossauros - 0 a 15kg - Sampa<\/title>\n<meta name=\"robots\" content=\"index, follow, max-snippet:-1, max-image-preview:large, max-video-preview:-1\" \/>\n<link rel=\"canonical\" href=\"https:\/\/wordpress.frejen.pt\/?product=carrinho-de-bebe-stillo-dinossauros-0-a-15kg\" \/>\n<meta property=\"og:locale\" content=\"en_US\" \/>\n<meta property=\"og:type\" content=\"article\" \/>\n<meta property=\"og:title\" content=\"Carrinho de Beb\u00ea Stillo Dinossauros - 0 a 15kg - Sampa\" \/>\n<meta property=\"og:description\" content=\"Quer levar seu beb\u00ea pra passear com seguran\u00e7a e muito conforto? Ent\u00e3o voc\u00ea tem que conhecer o carrinho de beb\u00ea Dinossauros da Stillo. Ele conta com 04 rodas, sendo todas duplas, isso facilita na hora de passear com seu filho. Al\u00e9m disso, esse modelo \u00e9 certificado pelo INMETRO. O carrinho de passeio consegue acompanhar o [&hellip;]\" \/>\n<meta property=\"og:url\" content=\"https:\/\/wordpress.frejen.pt\/?product=carrinho-de-bebe-stillo-dinossauros-0-a-15kg\" \/>\n<meta property=\"og:site_name\" content=\"Sampa\" \/>\n<meta property=\"og:image\" content=\"https:\/\/wordpress.frejen.pt\/wp-content\/uploads\/2022\/12\/bebe-produto1-foto1.jpg\" \/>\n\t<meta property=\"og:image:width\" content=\"1500\" \/>\n\t<meta property=\"og:image:height\" content=\"1125\" \/>\n\t<meta property=\"og:image:type\" content=\"image\/jpeg\" \/>\n<meta name=\"twitter:card\" content=\"summary_large_image\" \/>\n<meta name=\"twitter:label1\" content=\"Est. reading time\" \/>\n\t<meta name=\"twitter:data1\" content=\"1 minute\" \/>\n<script type=\"application\/ld+json\" class=\"yoast-schema-graph\">{\"@context\":\"https:\/\/schema.org\",\"@graph\":[{\"@type\":\"WebPage\",\"@id\":\"https:\/\/wordpress.frejen.pt\/?product=carrinho-de-bebe-stillo-dinossauros-0-a-15kg\",\"url\":\"https:\/\/wordpress.frejen.pt\/?product=carrinho-de-bebe-stillo-dinossauros-0-a-15kg\",\"name\":\"Carrinho de Beb\u00ea Stillo Dinossauros - 0 a 15kg - Sampa\",\"isPartOf\":{\"@id\":\"https:\/\/wordpress.frejen.pt\/#website\"},\"datePublished\":\"2022-12-05T10:33:54+00:00\",\"dateModified\":\"2022-12-05T10:33:54+00:00\",\"breadcrumb\":{\"@id\":\"https:\/\/wordpress.frejen.pt\/?product=carrinho-de-bebe-stillo-dinossauros-0-a-15kg#breadcrumb\"},\"inLanguage\":\"en-US\",\"potentialAction\":[{\"@type\":\"ReadAction\",\"target\":[\"https:\/\/wordpress.frejen.pt\/?product=carrinho-de-bebe-stillo-dinossauros-0-a-15kg\"]}]},{\"@type\":\"BreadcrumbList\",\"@id\":\"https:\/\/wordpress.frejen.pt\/?product=carrinho-de-bebe-stillo-dinossauros-0-a-15kg#breadcrumb\",\"itemListElement\":[{\"@type\":\"ListItem\",\"position\":1,\"name\":\"Home\",\"item\":\"https:\/\/wordpress.frejen.pt\/\"},{\"@type\":\"ListItem\",\"position\":2,\"name\":\"Shop\",\"item\":\"https:\/\/wordpress.frejen.pt\/?page_id=68\"},{\"@type\":\"ListItem\",\"position\":3,\"name\":\"Carrinho de Beb\u00ea Stillo Dinossauros &#8211; 0 a 15kg\"}]},{\"@type\":\"WebSite\",\"@id\":\"https:\/\/wordpress.frejen.pt\/#website\",\"url\":\"https:\/\/wordpress.frejen.pt\/\",\"name\":\"Sampa\",\"description\":\"\",\"publisher\":{\"@id\":\"https:\/\/wordpress.frejen.pt\/#organization\"},\"potentialAction\":[{\"@type\":\"SearchAction\",\"target\":{\"@type\":\"EntryPoint\",\"urlTemplate\":\"https:\/\/wordpress.frejen.pt\/?s={search_term_string}\"},\"query-input\":\"required name=search_term_string\"}],\"inLanguage\":\"en-US\"},{\"@type\":\"Organization\",\"@id\":\"https:\/\/wordpress.frejen.pt\/#organization\",\"name\":\"Sampa\",\"url\":\"https:\/\/wordpress.frejen.pt\/\",\"logo\":{\"@type\":\"ImageObject\",\"inLanguage\":\"en-US\",\"@id\":\"https:\/\/wordpress.frejen.pt\/#\/schema\/logo\/image\/\",\"url\":\"https:\/\/wordpress.frejen.pt\/wp-content\/uploads\/2022\/11\/cropped-cropped-logo.png\",\"contentUrl\":\"https:\/\/wordpress.frejen.pt\/wp-content\/uploads\/2022\/11\/cropped-cropped-logo.png\",\"width\":203,\"height\":22,\"caption\":\"Sampa\"},\"image\":{\"@id\":\"https:\/\/wordpress.frejen.pt\/#\/schema\/logo\/image\/\"}}]}<\/script>\n<!-- \/ Yoast SEO plugin. -->","yoast_head_json":{"title":"Carrinho de Beb\u00ea Stillo Dinossauros - 0 a 15kg - Sampa","robots":{"index":"index","follow":"follow","max-snippet":"max-snippet:-1","max-image-preview":"max-image-preview:large","max-video-preview":"max-video-preview:-1"},"canonical":"https:\/\/wordpress.frejen.pt\/?product=carrinho-de-bebe-stillo-dinossauros-0-a-15kg","og_locale":"en_US","og_type":"article","og_title":"Carrinho de Beb\u00ea Stillo Dinossauros - 0 a 15kg - Sampa","og_description":"Quer levar seu beb\u00ea pra passear com seguran\u00e7a e muito conforto? Ent\u00e3o voc\u00ea tem que conhecer o carrinho de beb\u00ea Dinossauros da Stillo. Ele conta com 04 rodas, sendo todas duplas, isso facilita na hora de passear com seu filho. Al\u00e9m disso, esse modelo \u00e9 certificado pelo INMETRO. O carrinho de passeio consegue acompanhar o [&hellip;]","og_url":"https:\/\/wordpress.frejen.pt\/?product=carrinho-de-bebe-stillo-dinossauros-0-a-15kg","og_site_name":"Sampa","og_image":[{"width":1500,"height":1125,"url":"https:\/\/wordpress.frejen.pt\/wp-content\/uploads\/2022\/12\/bebe-produto1-foto1.jpg","type":"image\/jpeg"}],"twitter_card":"summary_large_image","twitter_misc":{"Est. reading time":"1 minute"},"schema":{"@context":"https:\/\/schema.org","@graph":[{"@type":"WebPage","@id":"https:\/\/wordpress.frejen.pt\/?product=carrinho-de-bebe-stillo-dinossauros-0-a-15kg","url":"https:\/\/wordpress.frejen.pt\/?product=carrinho-de-bebe-stillo-dinossauros-0-a-15kg","name":"Carrinho de Beb\u00ea Stillo Dinossauros - 0 a 15kg - Sampa","isPartOf":{"@id":"https:\/\/wordpress.frejen.pt\/#website"},"datePublished":"2022-12-05T10:33:54+00:00","dateModified":"2022-12-05T10:33:54+00:00","breadcrumb":{"@id":"https:\/\/wordpress.frejen.pt\/?product=carrinho-de-bebe-stillo-dinossauros-0-a-15kg#breadcrumb"},"inLanguage":"en-US","potentialAction":[{"@type":"ReadAction","target":["https:\/\/wordpress.frejen.pt\/?product=carrinho-de-bebe-stillo-dinossauros-0-a-15kg"]}]},{"@type":"BreadcrumbList","@id":"https:\/\/wordpress.frejen.pt\/?product=carrinho-de-bebe-stillo-dinossauros-0-a-15kg#breadcrumb","itemListElement":[{"@type":"ListItem","position":1,"name":"Home","item":"https:\/\/wordpress.frejen.pt\/"},{"@type":"ListItem","position":2,"name":"Shop","item":"https:\/\/wordpress.frejen.pt\/?page_id=68"},{"@type":"ListItem","position":3,"name":"Carrinho de Beb\u00ea Stillo Dinossauros &#8211; 0 a 15kg"}]},{"@type":"WebSite","@id":"https:\/\/wordpress.frejen.pt\/#website","url":"https:\/\/wordpress.frejen.pt\/","name":"Sampa","description":"","publisher":{"@id":"https:\/\/wordpress.frejen.pt\/#organization"},"potentialAction":[{"@type":"SearchAction","target":{"@type":"EntryPoint","urlTemplate":"https:\/\/wordpress.frejen.pt\/?s={search_term_string}"},"query-input":"required name=search_term_string"}],"inLanguage":"en-US"},{"@type":"Organization","@id":"https:\/\/wordpress.frejen.pt\/#organization","name":"Sampa","url":"https:\/\/wordpress.frejen.pt\/","logo":{"@type":"ImageObject","inLanguage":"en-US","@id":"https:\/\/wordpress.frejen.pt\/#\/schema\/logo\/image\/","url":"https:\/\/wordpress.frejen.pt\/wp-content\/uploads\/2022\/11\/cropped-cropped-logo.png","contentUrl":"https:\/\/wordpress.frejen.pt\/wp-content\/uploads\/2022\/11\/cropped-cropped-logo.png","width":203,"height":22,"caption":"Sampa"},"image":{"@id":"https:\/\/wordpress.frejen.pt\/#\/schema\/logo\/image\/"}}]}},"_links":{"self":[{"href":"https:\/\/wordpress.frejen.pt\/index.php?rest_route=\/wp\/v2\/product\/147","targetHints":{"allow":["GET"]}}],"collection":[{"href":"https:\/\/wordpress.frejen.pt\/index.php?rest_route=\/wp\/v2\/product"}],"about":[{"href":"https:\/\/wordpress.frejen.pt\/index.php?rest_route=\/wp\/v2\/types\/product"}],"replies":[{"embeddable":true,"href":"https:\/\/wordpress.frejen.pt\/index.php?rest_route=%2Fwp%2Fv2%2Fcomments&post=147"}],"wp:featuredmedia":[{"embeddable":true,"href":"https:\/\/wordpress.frejen.pt\/index.php?rest_route=\/wp\/v2\/media\/134"}],"wp:attachment":[{"href":"https:\/\/wordpress.frejen.pt\/index.php?rest_route=%2Fwp%2Fv2%2Fmedia&parent=147"}],"wp:term":[{"taxonomy":"product_cat","embeddable":true,"href":"https:\/\/wordpress.frejen.pt\/index.php?rest_route=%2Fwp%2Fv2%2Fproduct_cat&post=147"},{"taxonomy":"product_tag","embeddable":true,"href":"https:\/\/wordpress.frejen.pt\/index.php?rest_route=%2Fwp%2Fv2%2Fproduct_tag&post=147"}],"curies":[{"name":"wp","href":"https:\/\/api.w.org\/{rel}","templated":true}]}}